{"id":97,"date":"2025-08-11T09:50:07","date_gmt":"2025-08-11T07:50:07","guid":{"rendered":"https:\/\/autitools.org\/?page_id=97"},"modified":"2025-08-17T10:49:49","modified_gmt":"2025-08-17T08:49:49","slug":"f-a-q","status":"publish","type":"page","link":"https:\/\/autitools.org\/index.php\/f-a-q\/","title":{"rendered":"F.A.Q."},"content":{"rendered":"\n<p>Este sitio web distribuye libros en formato digital, lo que permite leerlos en lectores electr\u00f3nicos est\u00e1ndar, tabletas u ordenadores.<\/p>\n\n\n\n<p>Existen dos tipos de libros electr\u00f3nicos:<\/p>\n\n\n\n<p>Los archivos PDF este tipo de archivo conserva el formato del libro original, incluyendo la tipograf\u00eda, las im\u00e1genes y los gr\u00e1ficos. Estos libros se leen m\u00e1s f\u00e1cilmente en dispositivos con pantallas relativamente grandes, como tabletas u ordenadores.<\/p>\n\n\n\n<p>los Ebooks: estos libros se adaptan al tama\u00f1o de la pantalla y el lector puede modificar el tama\u00f1o de los caracteres. Adem\u00e1s de en tabletas, se pueden leer en \u00ablectores electr\u00f3nicos\u00bb. Existen dos formatos principales de archivos de libros electr\u00f3nicos: el formato \u00abpdf\u00bb, que utilizan los lectores electr\u00f3nicos KINDLE de Amazon, y el formato \u00abEPub\u00bb, m\u00e1s est\u00e1ndar, que se utiliza en todos los dem\u00e1s casos (lectores electr\u00f3nicos KOBO, Bookens, etc., las tabletas Apple o Android y los ordenadores). Todos los libros electr\u00f3nicos se presentan en ambos formatos: para cada libro, elija la opci\u00f3n que m\u00e1s le convenga.<\/p>\n\n\n\n<p>Algunos consejos para facilitarle la vida .<\/p>\n\n\n\n<p>DESCARGA<\/p>\n\n\n\n<p>Cuando descarga un archivo desde el sitio web autitools.com, el archivo .pdf o .epub se guarda en la carpeta \u00abDescargas\u00bb de su ordenador.<\/p>\n\n\n\n<p>KINDLE<\/p>\n\n\n\n<p>Para utilizar su lector Kindle despu\u00e9s de descargar el archivo .pdf en su ordenador: descargue el software gratuito de Amazon https:\/\/www.amazon.com\/gp\/sendtokindle\/ (versi\u00f3n Windows o Mac, seg\u00fan el caso), introduzca su nombre de usuario y contrase\u00f1a de Amazon, y arrastre el archivo .mobi a \u00abdrop your file here\u00bb (suelte su archivo aqu\u00ed). Y ya est\u00e1, su libro aparecer\u00e1 en su lector Kindle.<\/p>\n\n\n\n<p>OTROS LECTORES<\/p>\n\n\n\n<p>Por lo general, se suministran con un software que debe instalarse en el ordenador. Es necesario conectar el lector al ordenador y, a continuaci\u00f3n, arrastrar el archivo \u00abepub\u00bb que se encuentra en la carpeta \u00abdescargas\u00bb al icono del lector que aparece en el escritorio del ordenador.<\/p>\n\n\n\n<p>APPLE<\/p>\n\n\n\n<p>En un ordenador Apple, basta con hacer clic en el archivo que aparecer\u00e1 autom\u00e1ticamente en el software \u00ablibro\u00bb. Lo encontrar\u00e1 autom\u00e1ticamente en todas sus tabletas o tel\u00e9fonos Apple vinculados.<\/p>\n\n\n\n<p>WINDOWS<\/p>\n\n\n\n<p>En Windows, no hay ning\u00fan lector de libros electr\u00f3nicos instalado autom\u00e1ticamente. Por lo tanto, es necesario descargar uno. En la tienda de Windows, busque \u00ablector de libros electr\u00f3nicos\u00bb y encontrar\u00e1 muchos que se ofrecen de forma gratuita. Freda, por ejemplo, funciona muy bien.<\/p>\n\n\n\n<p>ANDROID<\/p>\n\n\n\n<p>En Android tampoco hay ning\u00fan lector de libros electr\u00f3nicos instalado autom\u00e1ticamente. Por lo tanto, es necesario descargar uno. En la tienda de Google, busque \u00ablector de libros electr\u00f3nicos\u00bb y encontrar\u00e1 muchos que se ofrecen de forma gratuita. ReadEra, por ejemplo, funciona muy bien.<\/p>\n\n\n\n<p><\/p>\n\n\n\n<p><\/p>\n","protected":false},"excerpt":{"rendered":"<p>Este sitio web distribuye libros en formato digital, lo que permite leerlos en lectores electr\u00f3nicos est\u00e1ndar, tabletas u ordenadores. Existen dos tipos de libros electr\u00f3nicos: Los archivos PDF este tipo de archivo conserva el formato del libro original, incluyendo la tipograf\u00eda, las im\u00e1genes y los gr\u00e1ficos. Estos libros se leen m\u00e1s f\u00e1cilmente en dispositivos con [&hellip;]<\/p>\n","protected":false},"author":1,"featured_media":0,"parent":0,"menu_order":0,"comment_status":"closed","ping_status":"closed","template":"","meta":{"footnotes":""},"class_list":["post-97","page","type-page","status-publish","hentry"],"_links":{"self":[{"href":"https:\/\/autitools.org\/index.php\/wp-json\/wp\/v2\/pages\/97","targetHints":{"allow":["GET"]}}],"collection":[{"href":"https:\/\/autitools.org\/index.php\/wp-json\/wp\/v2\/pages"}],"about":[{"href":"https:\/\/autitools.org\/index.php\/wp-json\/wp\/v2\/types\/page"}],"author":[{"embeddable":true,"href":"https:\/\/autitools.org\/index.php\/wp-json\/wp\/v2\/users\/1"}],"replies":[{"embeddable":true,"href":"https:\/\/autitools.org\/index.php\/wp-json\/wp\/v2\/comments?post=97"}],"version-history":[{"count":3,"href":"https:\/\/autitools.org\/index.php\/wp-json\/wp\/v2\/pages\/97\/revisions"}],"predecessor-version":[{"id":212,"href":"https:\/\/autitools.org\/index.php\/wp-json\/wp\/v2\/pages\/97\/revisions\/212"}],"wp:attachment":[{"href":"https:\/\/autitools.org\/index.php\/wp-json\/wp\/v2\/media?parent=97"}],"curies":[{"name":"wp","href":"https:\/\/api.w.org\/{rel}","templated":true}]}}