{"id":185,"date":"2025-08-16T14:30:10","date_gmt":"2025-08-16T12:30:10","guid":{"rendered":"https:\/\/autitools.org\/?post_type=product&#038;p=185"},"modified":"2026-01-07T11:49:32","modified_gmt":"2026-01-07T09:49:32","slug":"acoso-ben-y-las-habilidades-sociales","status":"publish","type":"product","link":"https:\/\/autitools.org\/index.php\/product\/acoso-ben-y-las-habilidades-sociales\/","title":{"rendered":"ACOSO : Ben y las habilidades sociales"},"content":{"rendered":"<p class=\"p1\">Hola, soy Ben.<\/p>\n<p class=\"p1\">Llevo mucho tiempo queriendo hablarte de algo dif\u00edcil que me ocurri\u00f3 el a\u00f1o pasado: fui v\u00edctima de acoso escolar.<\/p>\n<p class=\"p1\">Voy a contarte mi historia, para que quiz\u00e1 te ayude a ti tambi\u00e9n.<\/p>\n","protected":false},"excerpt":{"rendered":"<p>Hola, soy Ben. Llevo mucho tiempo queriendo hablarte de algo dif\u00edcil que me ocurri\u00f3 el a\u00f1o pasado: fui v\u00edctima de acoso escolar. Voy a contarte mi historia, para que quiz\u00e1 te ayude a ti tambi\u00e9n.<\/p>\n","protected":false},"featured_media":159,"comment_status":"open","ping_status":"closed","template":"","meta":[],"product_brand":[],"product_cat":[15],"product_tag":[],"class_list":{"0":"post-185","1":"product","2":"type-product","3":"status-publish","4":"has-post-thumbnail","6":"product_cat-uncategorized","8":"first","9":"instock","10":"taxable","11":"shipping-taxable","12":"purchasable","13":"product-type-variable"},"_links":{"self":[{"href":"https:\/\/autitools.org\/index.php\/wp-json\/wp\/v2\/product\/185","targetHints":{"allow":["GET"]}}],"collection":[{"href":"https:\/\/autitools.org\/index.php\/wp-json\/wp\/v2\/product"}],"about":[{"href":"https:\/\/autitools.org\/index.php\/wp-json\/wp\/v2\/types\/product"}],"replies":[{"embeddable":true,"href":"https:\/\/autitools.org\/index.php\/wp-json\/wp\/v2\/comments?post=185"}],"wp:featuredmedia":[{"embeddable":true,"href":"https:\/\/autitools.org\/index.php\/wp-json\/wp\/v2\/media\/159"}],"wp:attachment":[{"href":"https:\/\/autitools.org\/index.php\/wp-json\/wp\/v2\/media?parent=185"}],"wp:term":[{"taxonomy":"product_brand","embeddable":true,"href":"https:\/\/autitools.org\/index.php\/wp-json\/wp\/v2\/product_brand?post=185"},{"taxonomy":"product_cat","embeddable":true,"href":"https:\/\/autitools.org\/index.php\/wp-json\/wp\/v2\/product_cat?post=185"},{"taxonomy":"product_tag","embeddable":true,"href":"https:\/\/autitools.org\/index.php\/wp-json\/wp\/v2\/product_tag?post=185"}],"curies":[{"name":"wp","href":"https:\/\/api.w.org\/{rel}","templated":true}]}}