{"id":188,"date":"2025-08-16T19:11:02","date_gmt":"2025-08-16T17:11:02","guid":{"rendered":"https:\/\/autitools.org\/?post_type=product&#038;p=188"},"modified":"2025-11-18T11:17:23","modified_gmt":"2025-11-18T09:17:23","slug":"amistad-ben-y-habilidades-sociales","status":"publish","type":"product","link":"https:\/\/autitools.org\/index.php\/product\/amistad-ben-y-habilidades-sociales\/","title":{"rendered":"AMISTAD : Ben y habilidades sociales"},"content":{"rendered":"<p class=\"p1\">\u00a1As\u00ed que esto es todo! Me llamo Benjamin (pero todo el mundo me llama Ben), Tengo 9 a\u00f1os y estoy teniendo problemas para saber c\u00f3mo comportarme.<\/p>\n<p class=\"p1\">Me ha costado mucho hacer amigos. No es f\u00e1cil reconocer a un amigo.<\/p>\n<p class=\"p1\">Pero, \u00bfen serio? \u00bfQu\u00e9 es un amigo?<\/p>\n","protected":false},"excerpt":{"rendered":"<p>\u00a1As\u00ed que esto es todo! Me llamo Benjamin (pero todo el mundo me llama Ben), Tengo 9 a\u00f1os y estoy teniendo problemas para saber c\u00f3mo comportarme. Me ha costado mucho hacer amigos. No es f\u00e1cil reconocer a un amigo. Pero, \u00bfen serio? \u00bfQu\u00e9 es un amigo?<\/p>\n","protected":false},"featured_media":162,"comment_status":"open","ping_status":"closed","template":"","meta":[],"product_brand":[],"product_cat":[15],"product_tag":[],"class_list":{"0":"post-188","1":"product","2":"type-product","3":"status-publish","4":"has-post-thumbnail","6":"product_cat-uncategorized","8":"first","9":"instock","10":"taxable","11":"shipping-taxable","12":"purchasable","13":"product-type-variable"},"_links":{"self":[{"href":"https:\/\/autitools.org\/index.php\/wp-json\/wp\/v2\/product\/188","targetHints":{"allow":["GET"]}}],"collection":[{"href":"https:\/\/autitools.org\/index.php\/wp-json\/wp\/v2\/product"}],"about":[{"href":"https:\/\/autitools.org\/index.php\/wp-json\/wp\/v2\/types\/product"}],"replies":[{"embeddable":true,"href":"https:\/\/autitools.org\/index.php\/wp-json\/wp\/v2\/comments?post=188"}],"wp:featuredmedia":[{"embeddable":true,"href":"https:\/\/autitools.org\/index.php\/wp-json\/wp\/v2\/media\/162"}],"wp:attachment":[{"href":"https:\/\/autitools.org\/index.php\/wp-json\/wp\/v2\/media?parent=188"}],"wp:term":[{"taxonomy":"product_brand","embeddable":true,"href":"https:\/\/autitools.org\/index.php\/wp-json\/wp\/v2\/product_brand?post=188"},{"taxonomy":"product_cat","embeddable":true,"href":"https:\/\/autitools.org\/index.php\/wp-json\/wp\/v2\/product_cat?post=188"},{"taxonomy":"product_tag","embeddable":true,"href":"https:\/\/autitools.org\/index.php\/wp-json\/wp\/v2\/product_tag?post=188"}],"curies":[{"name":"wp","href":"https:\/\/api.w.org\/{rel}","templated":true}]}}