{"id":192,"date":"2025-08-16T19:15:24","date_gmt":"2025-08-16T17:15:24","guid":{"rendered":"https:\/\/autitools.org\/?post_type=product&#038;p=192"},"modified":"2025-11-02T19:57:03","modified_gmt":"2025-11-02T17:57:03","slug":"comunicacion-ben-y-la-habilidades-sociales","status":"publish","type":"product","link":"https:\/\/autitools.org\/index.php\/product\/comunicacion-ben-y-la-habilidades-sociales\/","title":{"rendered":"COMUNICACI\u00d3N : Ben y la habilidades sociales"},"content":{"rendered":"<p class=\"p1\">Hola! Me llamo Benjam\u00edn (pero todo el mundo me llama Ben), tengo 9 a\u00f1os y me cuesta saber c\u00f3mo omportarme. No tengo muchos amigos y a veces hago cosas que pueden parecen raras&#8230;<\/p>\n<p class=\"p1\">No s\u00e9 qu\u00e9 decir o hacer en algunas situaciones. Mam\u00e1 dice que tengo que aprender a comunicarme mejor, pero \u00bfc\u00f3mo puedo hacerlo?<\/p>\n","protected":false},"excerpt":{"rendered":"<p>Hola! Me llamo Benjam\u00edn (pero todo el mundo me llama Ben), tengo 9 a\u00f1os y me cuesta saber c\u00f3mo omportarme. No tengo muchos amigos y a veces hago cosas que pueden parecen raras&#8230; No s\u00e9 qu\u00e9 decir o hacer en algunas situaciones. Mam\u00e1 dice que tengo que aprender a comunicarme mejor, pero \u00bfc\u00f3mo puedo hacerlo?<\/p>\n","protected":false},"featured_media":165,"comment_status":"open","ping_status":"closed","template":"","meta":[],"product_brand":[],"product_cat":[15],"product_tag":[],"class_list":{"0":"post-192","1":"product","2":"type-product","3":"status-publish","4":"has-post-thumbnail","6":"product_cat-uncategorized","8":"first","9":"instock","10":"taxable","11":"shipping-taxable","12":"purchasable","13":"product-type-variable"},"_links":{"self":[{"href":"https:\/\/autitools.org\/index.php\/wp-json\/wp\/v2\/product\/192","targetHints":{"allow":["GET"]}}],"collection":[{"href":"https:\/\/autitools.org\/index.php\/wp-json\/wp\/v2\/product"}],"about":[{"href":"https:\/\/autitools.org\/index.php\/wp-json\/wp\/v2\/types\/product"}],"replies":[{"embeddable":true,"href":"https:\/\/autitools.org\/index.php\/wp-json\/wp\/v2\/comments?post=192"}],"wp:featuredmedia":[{"embeddable":true,"href":"https:\/\/autitools.org\/index.php\/wp-json\/wp\/v2\/media\/165"}],"wp:attachment":[{"href":"https:\/\/autitools.org\/index.php\/wp-json\/wp\/v2\/media?parent=192"}],"wp:term":[{"taxonomy":"product_brand","embeddable":true,"href":"https:\/\/autitools.org\/index.php\/wp-json\/wp\/v2\/product_brand?post=192"},{"taxonomy":"product_cat","embeddable":true,"href":"https:\/\/autitools.org\/index.php\/wp-json\/wp\/v2\/product_cat?post=192"},{"taxonomy":"product_tag","embeddable":true,"href":"https:\/\/autitools.org\/index.php\/wp-json\/wp\/v2\/product_tag?post=192"}],"curies":[{"name":"wp","href":"https:\/\/api.w.org\/{rel}","templated":true}]}}