{"id":195,"date":"2025-08-16T19:19:23","date_gmt":"2025-08-16T17:19:23","guid":{"rendered":"https:\/\/autitools.org\/?post_type=product&#038;p=195"},"modified":"2026-01-07T11:49:52","modified_gmt":"2026-01-07T09:49:52","slug":"discusion-ben-y-la-habilidades-sociales","status":"publish","type":"product","link":"https:\/\/autitools.org\/index.php\/product\/discusion-ben-y-la-habilidades-sociales\/","title":{"rendered":"DISCUSI\u00d3N : Ben y la habilidades sociales"},"content":{"rendered":"<p class=\"p1\">Hola, soy yo, Ben.<\/p>\n<p class=\"p1\">Me llev\u00f3 un tiempo hacer amigos, pero ahora tengo unos cuantos. Pero sigue siendo dif\u00edcil hablar con ellos.<\/p>\n<p class=\"p1\">Pero, \u00bfqu\u00e9 es realmente una charla? Una charla es hablar con alguien. Tambi\u00e9n se llama mantener una conversaci\u00f3n.<\/p>\n<p class=\"p1\">Hablar con alguien te permite intercambiar ideas y puntos de vista, tranquilizarte, entender cosas&#8230;<\/p>\n","protected":false},"excerpt":{"rendered":"<p>Hola, soy yo, Ben. Me llev\u00f3 un tiempo hacer amigos, pero ahora tengo unos cuantos. Pero sigue siendo dif\u00edcil hablar con ellos. Pero, \u00bfqu\u00e9 es realmente una charla? Una charla es hablar con alguien. Tambi\u00e9n se llama mantener una conversaci\u00f3n. Hablar con alguien te permite intercambiar ideas y puntos de vista, tranquilizarte, entender cosas&#8230;<\/p>\n","protected":false},"featured_media":167,"comment_status":"open","ping_status":"closed","template":"","meta":[],"product_brand":[],"product_cat":[15],"product_tag":[],"class_list":{"0":"post-195","1":"product","2":"type-product","3":"status-publish","4":"has-post-thumbnail","6":"product_cat-uncategorized","8":"first","9":"instock","10":"taxable","11":"shipping-taxable","12":"purchasable","13":"product-type-variable"},"_links":{"self":[{"href":"https:\/\/autitools.org\/index.php\/wp-json\/wp\/v2\/product\/195","targetHints":{"allow":["GET"]}}],"collection":[{"href":"https:\/\/autitools.org\/index.php\/wp-json\/wp\/v2\/product"}],"about":[{"href":"https:\/\/autitools.org\/index.php\/wp-json\/wp\/v2\/types\/product"}],"replies":[{"embeddable":true,"href":"https:\/\/autitools.org\/index.php\/wp-json\/wp\/v2\/comments?post=195"}],"wp:featuredmedia":[{"embeddable":true,"href":"https:\/\/autitools.org\/index.php\/wp-json\/wp\/v2\/media\/167"}],"wp:attachment":[{"href":"https:\/\/autitools.org\/index.php\/wp-json\/wp\/v2\/media?parent=195"}],"wp:term":[{"taxonomy":"product_brand","embeddable":true,"href":"https:\/\/autitools.org\/index.php\/wp-json\/wp\/v2\/product_brand?post=195"},{"taxonomy":"product_cat","embeddable":true,"href":"https:\/\/autitools.org\/index.php\/wp-json\/wp\/v2\/product_cat?post=195"},{"taxonomy":"product_tag","embeddable":true,"href":"https:\/\/autitools.org\/index.php\/wp-json\/wp\/v2\/product_tag?post=195"}],"curies":[{"name":"wp","href":"https:\/\/api.w.org\/{rel}","templated":true}]}}