{"id":199,"date":"2025-08-16T19:31:32","date_gmt":"2025-08-16T17:31:32","guid":{"rendered":"https:\/\/autitools.org\/?post_type=product&#038;p=199"},"modified":"2025-12-19T16:55:03","modified_gmt":"2025-12-19T14:55:03","slug":"emociones-ben-y-la-habilidades-sociales","status":"publish","type":"product","link":"https:\/\/autitools.org\/index.php\/product\/emociones-ben-y-la-habilidades-sociales\/","title":{"rendered":"EMOCIONES : Ben y la habilidades sociales"},"content":{"rendered":"<p class=\"p1\">Hola, me llamo Benjamin, pero todo el mundo me llama Ben. Tengo 9 a\u00f1os y me gustan mucho los dinosaurios y los medios de transporte, \u00a1sobre todo los trenes!<\/p>\n<p class=\"p1\">Tengo un peque\u00f1o problema: no s\u00e9 muy bien c\u00f3mo llevarme con los dem\u00e1s. No tengo muchos amigos y a veces hago cosas que les parecen raras&#8230; Estoy intentando averiguar c\u00f3mo debo comportarme a diario.<\/p>\n<p class=\"p1\">\u00bfQuiz\u00e1 esto tambi\u00e9n pueda ayudarte?<\/p>\n","protected":false},"excerpt":{"rendered":"<p>Hola, me llamo Benjamin, pero todo el mundo me llama Ben. Tengo 9 a\u00f1os y me gustan mucho los dinosaurios y los medios de transporte, \u00a1sobre todo los trenes! Tengo un peque\u00f1o problema: no s\u00e9 muy bien c\u00f3mo llevarme con los dem\u00e1s. No tengo muchos amigos y a veces hago cosas que les parecen raras&#8230; [&hellip;]<\/p>\n","protected":false},"featured_media":171,"comment_status":"open","ping_status":"closed","template":"","meta":[],"product_brand":[],"product_cat":[15],"product_tag":[],"class_list":{"0":"post-199","1":"product","2":"type-product","3":"status-publish","4":"has-post-thumbnail","6":"product_cat-uncategorized","8":"first","9":"instock","10":"taxable","11":"shipping-taxable","12":"purchasable","13":"product-type-variable"},"_links":{"self":[{"href":"https:\/\/autitools.org\/index.php\/wp-json\/wp\/v2\/product\/199","targetHints":{"allow":["GET"]}}],"collection":[{"href":"https:\/\/autitools.org\/index.php\/wp-json\/wp\/v2\/product"}],"about":[{"href":"https:\/\/autitools.org\/index.php\/wp-json\/wp\/v2\/types\/product"}],"replies":[{"embeddable":true,"href":"https:\/\/autitools.org\/index.php\/wp-json\/wp\/v2\/comments?post=199"}],"wp:featuredmedia":[{"embeddable":true,"href":"https:\/\/autitools.org\/index.php\/wp-json\/wp\/v2\/media\/171"}],"wp:attachment":[{"href":"https:\/\/autitools.org\/index.php\/wp-json\/wp\/v2\/media?parent=199"}],"wp:term":[{"taxonomy":"product_brand","embeddable":true,"href":"https:\/\/autitools.org\/index.php\/wp-json\/wp\/v2\/product_brand?post=199"},{"taxonomy":"product_cat","embeddable":true,"href":"https:\/\/autitools.org\/index.php\/wp-json\/wp\/v2\/product_cat?post=199"},{"taxonomy":"product_tag","embeddable":true,"href":"https:\/\/autitools.org\/index.php\/wp-json\/wp\/v2\/product_tag?post=199"}],"curies":[{"name":"wp","href":"https:\/\/api.w.org\/{rel}","templated":true}]}}