{"id":205,"date":"2025-08-16T19:38:52","date_gmt":"2025-08-16T17:38:52","guid":{"rendered":"https:\/\/autitools.org\/?post_type=product&#038;p=205"},"modified":"2025-11-02T19:54:22","modified_gmt":"2025-11-02T17:54:22","slug":"postura-ben-y-habilidades-sociales","status":"publish","type":"product","link":"https:\/\/autitools.org\/index.php\/product\/postura-ben-y-habilidades-sociales\/","title":{"rendered":"POSTURA : Ben y habilidades sociales"},"content":{"rendered":"<p class=\"p1\">Hola !<\/p>\n<p class=\"p1\">me llamo Benjamin, pero todo el mundo me llama Ben. Tengo 9 a\u00f1os y me gustan mucho los dinosaurios y los medios de transporte, \u00a1sobre todo los trenes!<\/p>\n<p class=\"p1\">Tengo un peque\u00f1o problema: no s\u00e9 muy bien c\u00f3mo llevarme bien con los dem\u00e1s. No tengo muchos amigos y a veces hago cosas que les parecen raras.<\/p>\n<p class=\"p1\">Estoy intentando averiguar c\u00f3mo debo comportarme en la vida cotidiana.<\/p>\n<p class=\"p1\">\u00bfQuiz\u00e1 esto te ayude a ti tambi\u00e9n?<\/p>\n","protected":false},"excerpt":{"rendered":"<p>Hola ! me llamo Benjamin, pero todo el mundo me llama Ben. Tengo 9 a\u00f1os y me gustan mucho los dinosaurios y los medios de transporte, \u00a1sobre todo los trenes! Tengo un peque\u00f1o problema: no s\u00e9 muy bien c\u00f3mo llevarme bien con los dem\u00e1s. No tengo muchos amigos y a veces hago cosas que les [&hellip;]<\/p>\n","protected":false},"featured_media":177,"comment_status":"open","ping_status":"closed","template":"","meta":[],"product_brand":[],"product_cat":[15],"product_tag":[],"class_list":{"0":"post-205","1":"product","2":"type-product","3":"status-publish","4":"has-post-thumbnail","6":"product_cat-uncategorized","8":"first","9":"instock","10":"taxable","11":"shipping-taxable","12":"purchasable","13":"product-type-variable"},"_links":{"self":[{"href":"https:\/\/autitools.org\/index.php\/wp-json\/wp\/v2\/product\/205","targetHints":{"allow":["GET"]}}],"collection":[{"href":"https:\/\/autitools.org\/index.php\/wp-json\/wp\/v2\/product"}],"about":[{"href":"https:\/\/autitools.org\/index.php\/wp-json\/wp\/v2\/types\/product"}],"replies":[{"embeddable":true,"href":"https:\/\/autitools.org\/index.php\/wp-json\/wp\/v2\/comments?post=205"}],"wp:featuredmedia":[{"embeddable":true,"href":"https:\/\/autitools.org\/index.php\/wp-json\/wp\/v2\/media\/177"}],"wp:attachment":[{"href":"https:\/\/autitools.org\/index.php\/wp-json\/wp\/v2\/media?parent=205"}],"wp:term":[{"taxonomy":"product_brand","embeddable":true,"href":"https:\/\/autitools.org\/index.php\/wp-json\/wp\/v2\/product_brand?post=205"},{"taxonomy":"product_cat","embeddable":true,"href":"https:\/\/autitools.org\/index.php\/wp-json\/wp\/v2\/product_cat?post=205"},{"taxonomy":"product_tag","embeddable":true,"href":"https:\/\/autitools.org\/index.php\/wp-json\/wp\/v2\/product_tag?post=205"}],"curies":[{"name":"wp","href":"https:\/\/api.w.org\/{rel}","templated":true}]}}