{"id":208,"date":"2025-08-16T19:41:48","date_gmt":"2025-08-16T17:41:48","guid":{"rendered":"https:\/\/autitools.org\/?post_type=product&#038;p=208"},"modified":"2026-03-17T07:33:19","modified_gmt":"2026-03-17T05:33:19","slug":"sensorialidad-ben-y-la-habilidades-sociales","status":"publish","type":"product","link":"https:\/\/autitools.org\/index.php\/product\/sensorialidad-ben-y-la-habilidades-sociales\/","title":{"rendered":"SENSORIALIDAD : Ben y la habilidades sociales"},"content":{"rendered":"<p class=\"p1\">\u00a1Hola! Me llamo Benjam\u00edn (pero todo el mundo me llama Ben), tengo 9 a\u00f1os y me cuesta saber c\u00f3mo comportarme.<\/p>\n<p class=\"p1\">No tengo muchos amigos y a veces hago cosas que parecen extra\u00f1as&#8230; Percibo el mundo que me rodea de forma diferente y eso me cansa mucho.<\/p>\n<p class=\"p1\">Parece que tengo una \u00absensorialidad\u00bb diferente<\/p>\n<p class=\"p1\">Pero, \u00bfqu\u00e9 es exactamente la sensorialidad?<\/p>\n","protected":false},"excerpt":{"rendered":"<p>\u00a1Hola! Me llamo Benjam\u00edn (pero todo el mundo me llama Ben), tengo 9 a\u00f1os y me cuesta saber c\u00f3mo comportarme. No tengo muchos amigos y a veces hago cosas que parecen extra\u00f1as&#8230; Percibo el mundo que me rodea de forma diferente y eso me cansa mucho. Parece que tengo una \u00absensorialidad\u00bb diferente Pero, \u00bfqu\u00e9 es [&hellip;]<\/p>\n","protected":false},"featured_media":180,"comment_status":"open","ping_status":"closed","template":"","meta":[],"product_brand":[],"product_cat":[15],"product_tag":[],"class_list":{"0":"post-208","1":"product","2":"type-product","3":"status-publish","4":"has-post-thumbnail","6":"product_cat-uncategorized","8":"first","9":"instock","10":"taxable","11":"shipping-taxable","12":"purchasable","13":"product-type-variable"},"_links":{"self":[{"href":"https:\/\/autitools.org\/index.php\/wp-json\/wp\/v2\/product\/208","targetHints":{"allow":["GET"]}}],"collection":[{"href":"https:\/\/autitools.org\/index.php\/wp-json\/wp\/v2\/product"}],"about":[{"href":"https:\/\/autitools.org\/index.php\/wp-json\/wp\/v2\/types\/product"}],"replies":[{"embeddable":true,"href":"https:\/\/autitools.org\/index.php\/wp-json\/wp\/v2\/comments?post=208"}],"wp:featuredmedia":[{"embeddable":true,"href":"https:\/\/autitools.org\/index.php\/wp-json\/wp\/v2\/media\/180"}],"wp:attachment":[{"href":"https:\/\/autitools.org\/index.php\/wp-json\/wp\/v2\/media?parent=208"}],"wp:term":[{"taxonomy":"product_brand","embeddable":true,"href":"https:\/\/autitools.org\/index.php\/wp-json\/wp\/v2\/product_brand?post=208"},{"taxonomy":"product_cat","embeddable":true,"href":"https:\/\/autitools.org\/index.php\/wp-json\/wp\/v2\/product_cat?post=208"},{"taxonomy":"product_tag","embeddable":true,"href":"https:\/\/autitools.org\/index.php\/wp-json\/wp\/v2\/product_tag?post=208"}],"curies":[{"name":"wp","href":"https:\/\/api.w.org\/{rel}","templated":true}]}}